{"id":22,"date":"2014-12-12T23:16:22","date_gmt":"2014-12-12T23:16:22","guid":{"rendered":"http:\/\/serwer1475730.home.pl\/smwtarka\/?page_id=22"},"modified":"2026-01-17T08:10:36","modified_gmt":"2026-01-17T08:10:36","slug":"o-nas","status":"publish","type":"page","link":"https:\/\/smwtarka.pl\/?page_id=22","title":{"rendered":"O Nas"},"content":{"rendered":"<header class=\"entry-header\">\n<h1 class=\"entry-title\"><strong>Nasze stowarzyszenie powsta\u0142o w 2009 roku.<\/strong><\/h1>\n<\/header>\n<div class=\"entry-content\">\n<p>Jeste\u015bmy grup\u0105 ludzi kt\u00f3rych pasj\u0105 jest w\u0119dkarstwo. Opiekujemy si\u0119 stawami &nbsp;\u201eBelnik\u201d, &nbsp;potocznie zwanymi \u201eTark\u0105\u201d. \u0141\u0105czna powierzchnia wszystkich czterech staw\u00f3w&nbsp; wynosi oko\u0142o<strong> 12 hektar\u00f3w<\/strong>.<\/p>\n<p>W&nbsp; &nbsp;wodach kt\u00f3re systematycznie zarybiamy mo\u017cna z\u0142owi\u0107: karpie, amury, szczupaki, liny, sandacze, sumy, to\u0142pygi, p\u0142ocie, wzdr\u0119gi, okonie, karasie.<\/p>\n<p>&nbsp;<\/p>\n<p><strong>Sk\u0142ad Zarz\u0105du:<\/strong><\/p>\n<p><strong>Prezes:<\/strong><br \/>\n<em>Fila Kazimierz<br \/>\n<\/em><\/p>\n<p><strong>Wiceprezes:<\/strong><em><br \/>\n<\/em><\/p>\n<p>Jamr\u00f3z Marcin<\/p>\n<p><strong>Skarbnik:&nbsp; <\/strong><br \/>\n<em>Nekwapil Maciej<\/em><\/p>\n<p><strong>Cz\u0142onek Zarz\u0105du<\/strong><\/p>\n<p>Mierzejewski Janusz<strong><br \/>\n<\/strong><\/p>\n<p><strong>Cz\u0142onek Zarz\u0105du\/Gospodarz<\/strong><br \/>\n<em>Kuzak Pawe\u0142<br \/>\n<\/em><\/p>\n<p>&nbsp;<\/p>\n<p><strong>Komisja Rewizyjna:<\/strong><\/p>\n<p><em>Przewodnicz\u0105cy&nbsp;&nbsp;&nbsp;&nbsp;&nbsp;&nbsp;&nbsp;&nbsp;&nbsp;&nbsp;&nbsp; &nbsp;&nbsp; Opyd Jaros\u0142aw<br \/>\n<\/em><\/p>\n<p><em>Cz\u0142onek komisji&nbsp; &nbsp; &nbsp; &nbsp; &nbsp; &nbsp; &nbsp; &nbsp; Cicho\u0144 Janusz<\/em><\/p>\n<p><em>Cz\u0142onek komisji&nbsp; &nbsp; &nbsp; &nbsp; &nbsp; &nbsp; &nbsp; &nbsp;Glimos Marcin<\/em><\/p>\n<p><strong>Przewodnicz\u0105cy S\u0105du Kole\u017ce\u0144skiego:<\/strong><em><br \/>\n<\/em><\/p>\n<p>Skrzypek Eugeniusz<\/p>\n<p><strong>Komendant Stra\u017cnik\u00f3w Spo\u0142ecznych<\/strong><\/p>\n<p>Bachowski Konrad nr telefonu: 666 672 488<\/p>\n<p>Za\u0142ubiniak Rafa\u0142&nbsp; &nbsp; &nbsp;nr telefonu: 516 127 039<\/p>\n<p>&nbsp;<\/p>\n<\/div>\n","protected":false},"excerpt":{"rendered":"<p>Nasze stowarzyszenie powsta\u0142o w 2009 roku. Jeste\u015bmy grup\u0105 ludzi kt\u00f3rych pasj\u0105 jest w\u0119dkarstwo. Opiekujemy si\u0119 stawami &nbsp;\u201eBelnik\u201d, &nbsp;potocznie zwanymi \u201eTark\u0105\u201d. \u0141\u0105czna powierzchnia wszystkich czterech staw\u00f3w&nbsp; wynosi oko\u0142o 12 hektar\u00f3w. W&nbsp; &nbsp;wodach kt\u00f3re systematycznie zarybiamy mo\u017cna z\u0142owi\u0107: karpie, amury, szczupaki, liny, sandacze, sumy, to\u0142pygi, p\u0142ocie, wzdr\u0119gi, okonie, karasie. &nbsp; Sk\u0142ad Zarz\u0105du: Prezes: Fila Kazimierz Wiceprezes: Jamr\u00f3z [&hellip;]<\/p>\n","protected":false},"author":1,"featured_media":0,"parent":0,"menu_order":0,"comment_status":"closed","ping_status":"open","template":"","meta":{"ngg_post_thumbnail":0,"footnotes":""},"class_list":["post-22","page","type-page","status-publish","hentry"],"_links":{"self":[{"href":"https:\/\/smwtarka.pl\/index.php?rest_route=\/wp\/v2\/pages\/22","targetHints":{"allow":["GET"]}}],"collection":[{"href":"https:\/\/smwtarka.pl\/index.php?rest_route=\/wp\/v2\/pages"}],"about":[{"href":"https:\/\/smwtarka.pl\/index.php?rest_route=\/wp\/v2\/types\/page"}],"author":[{"embeddable":true,"href":"https:\/\/smwtarka.pl\/index.php?rest_route=\/wp\/v2\/users\/1"}],"replies":[{"embeddable":true,"href":"https:\/\/smwtarka.pl\/index.php?rest_route=%2Fwp%2Fv2%2Fcomments&post=22"}],"version-history":[{"count":17,"href":"https:\/\/smwtarka.pl\/index.php?rest_route=\/wp\/v2\/pages\/22\/revisions"}],"predecessor-version":[{"id":2321,"href":"https:\/\/smwtarka.pl\/index.php?rest_route=\/wp\/v2\/pages\/22\/revisions\/2321"}],"wp:attachment":[{"href":"https:\/\/smwtarka.pl\/index.php?rest_route=%2Fwp%2Fv2%2Fmedia&parent=22"}],"curies":[{"name":"wp","href":"https:\/\/api.w.org\/{rel}","templated":true}]}}